{"id":9,"date":"2024-08-17T22:31:51","date_gmt":"2024-08-17T20:31:51","guid":{"rendered":"https:\/\/serwer2492861.home.pl\/autoinstalator\/wordpress5\/?page_id=9"},"modified":"2024-12-03T12:46:03","modified_gmt":"2024-12-03T11:46:03","slug":"home","status":"publish","type":"page","link":"https:\/\/nextgendev.pl\/","title":{"rendered":"NextGenDev &#8211; Twoje pomys\u0142y, nasza technologia, wsp\u00f3lny sukces!"},"content":{"rendered":"\n<div class=\"wp-block-cover alignfull\" style=\"min-height:720px;aspect-ratio:unset;\"><span aria-hidden=\"true\" class=\"wp-block-cover__background has-background-dim-100 has-background-dim has-background-gradient\" style=\"background:linear-gradient(35deg,rgb(6,0,151) 0%,rgb(0,116,217) 73%,rgb(255,255,255) 100%)\"><\/span><div class=\"wp-block-cover__inner-container is-layout-flow wp-block-cover-is-layout-flow\">\n<div class=\"inherit-container-width wp-block-group alignwide is-layout-constrained wp-block-group-is-layout-constrained\">\n<div class=\"wp-block-media-text alignwide has-media-on-the-right is-stacked-on-mobile is-vertically-aligned-center\" style=\"grid-template-columns:auto 21%\"><div class=\"wp-block-media-text__content\">\n<h1 class=\"wp-block-heading has-text-align-left has-white-color has-text-color\"><strong>NextGenDev<\/strong><\/h1>\n\n\n\n<p><strong>&gt;&gt; Twoje wyzwanie<\/strong>.<br><strong>&gt;&gt; Nasza technologia<\/strong>.<br><strong>&gt;&gt; Wsp\u00f3lny sukces<\/strong>!<\/p>\n\n\n\n<div class=\"wp-block-buttons is-layout-flex wp-block-buttons-is-layout-flex\">\n<div class=\"wp-block-button\"><a class=\"wp-block-button__link has-ast-global-color-0-color has-text-color has-background has-link-color wp-element-button\" href=\"#oferta\" style=\"background:linear-gradient(135deg,rgb(132,190,244) 0%,rgb(132,190,244) 100%)\">Porozmawiajmy<\/a><\/div>\n<\/div>\n<\/div><figure class=\"wp-block-media-text__media\"><img loading=\"lazy\" decoding=\"async\" width=\"576\" height=\"591\" src=\"http:\/\/serwer2453284.home.pl\/autoinstalator\/wordpress2\/wp-content\/uploads\/2024\/09\/logo-white-6.png\" alt=\"\" class=\"wp-image-138 size-full\" srcset=\"https:\/\/nextgendev.pl\/wp-content\/uploads\/2024\/09\/logo-white-6.png 576w, https:\/\/nextgendev.pl\/wp-content\/uploads\/2024\/09\/logo-white-6-292x300.png 292w\" sizes=\"auto, (max-width: 576px) 100vw, 576px\" \/><\/figure><\/div>\n<\/div>\n<\/div><\/div>\n\n\n\n<div class=\"wp-block-group alignfull has-ast-global-color-5-background-color has-background is-layout-constrained wp-container-core-group-is-layout-9cedb757 wp-block-group-is-layout-constrained\" style=\"padding-bottom:0px\">\n<h2 class=\"wp-block-heading has-text-align-center\">Pomo\u017cemy Ci<\/h2>\n\n\n\n<hr class=\"wp-block-separator has-alpha-channel-opacity\"\/>\n\n\n\n<p>Chcesz oferowa\u0107 swoim klientom najnowsze rozwi\u0105zania i potrzebujesz wsparcia dzia\u0142u badawczego?<br>Masz pomys\u0142 na now\u0105 funkcjonalno\u015b\u0107 produktu i chcesz j\u0105 sprawnie wprowadzi\u0107 na rynek?<br>Dzia\u0142asz w bran\u017cy:<\/p>\n\n\n\n<div class=\"wp-block-columns is-layout-flex wp-container-core-columns-is-layout-28f84493 wp-block-columns-is-layout-flex\">\n<div class=\"wp-block-column is-layout-flow wp-block-column-is-layout-flow\">\n<ul class=\"wp-block-list\">\n<li>rolniczej<\/li>\n\n\n\n<li>przemys\u0142owej<\/li>\n\n\n\n<li>budowlanej<\/li>\n\n\n\n<li>motoryzacyjnej<\/li>\n<\/ul>\n<\/div>\n\n\n\n<div class=\"wp-block-column is-layout-flow wp-block-column-is-layout-flow\">\n<ul class=\"wp-block-list\">\n<li>wojskowej<\/li>\n\n\n\n<li>lotniczej<\/li>\n\n\n\n<li>medycznej<\/li>\n<\/ul>\n<\/div>\n<\/div>\n\n\n\n<p>Ch\u0119tnie Ci pomo\u017cemy!<\/p>\n\n\n\n<div style=\"height:20px\" aria-hidden=\"true\" class=\"wp-block-spacer\"><\/div>\n\n\n\n<div class=\"wp-block-columns are-vertically-aligned-top is-layout-flex wp-container-core-columns-is-layout-00723822 wp-block-columns-is-layout-flex\">\n<div class=\"wp-block-column is-vertically-aligned-top is-layout-flow wp-container-core-column-is-layout-6b73ce23 wp-block-column-is-layout-flow\">\n<figure class=\"wp-block-image size-large\"><img decoding=\"async\" src=\"https:\/\/serwer2453284.home.pl\/autoinstalator\/wordpress2\/wp-content\/themes\/astra\/inc\/assets\/images\/starter-content\/shopping-bag.svg\" alt=\"\"\/><\/figure>\n\n\n\n<h3 class=\"wp-block-heading has-text-align-left has-ast-global-color-0-color has-text-color has-link-color wp-elements-f97afb25a33ec3fc04e227584e537a16\" style=\"margin-top:16px\">Analizy<\/h3>\n\n\n\n<p class=\"has-text-align-left\">Nie musisz mie\u0107 fachowej wiedzy z nowoczesnych technologii &#8211; znamy si\u0119 na tym i Ci doradzimy.<\/p>\n<\/div>\n\n\n\n<div class=\"wp-block-column is-vertically-aligned-top is-layout-flow wp-container-core-column-is-layout-6b73ce23 wp-block-column-is-layout-flow\">\n<figure class=\"wp-block-image size-large\"><img decoding=\"async\" src=\"https:\/\/serwer2453284.home.pl\/autoinstalator\/wordpress2\/wp-content\/themes\/astra\/inc\/assets\/images\/starter-content\/building.svg\" alt=\"\"\/><\/figure>\n\n\n\n<h3 class=\"wp-block-heading has-text-align-left has-ast-global-color-0-color has-text-color has-link-color wp-elements-3d3d5bb0c9a7d5889ee54d644342d3a1\" style=\"margin-top:16px\">Badania i rozw\u00f3j<\/h3>\n\n\n\n<p class=\"has-text-align-left\">B\u0119dziemy Twoim dzia\u0142em badawczym zatrudnionym na zlecenie. Tw\u00f3j biznes zyska wyniki za u\u0142amek ceny!<\/p>\n<\/div>\n\n\n\n<div class=\"wp-block-column is-vertically-aligned-top is-layout-flow wp-container-core-column-is-layout-6b73ce23 wp-block-column-is-layout-flow\">\n<figure class=\"wp-block-image size-large\"><img decoding=\"async\" src=\"https:\/\/serwer2453284.home.pl\/autoinstalator\/wordpress2\/wp-content\/themes\/astra\/inc\/assets\/images\/starter-content\/blog.svg\" alt=\"\"\/><\/figure>\n\n\n\n<h3 class=\"wp-block-heading has-text-align-left has-ast-global-color-0-color has-text-color has-link-color wp-elements-e37828ff517bf29c533a77429144aabd\" style=\"margin-top:16px\">Prototypowanie<\/h3>\n\n\n\n<p class=\"has-text-align-left\">Stworzymy dla Ciebie prototyp urz\u0105dzenia i przetestujemy go.<\/p>\n<\/div>\n\n\n\n<div class=\"wp-block-column is-vertically-aligned-top is-layout-flow wp-container-core-column-is-layout-6b73ce23 wp-block-column-is-layout-flow\">\n<figure class=\"wp-block-image size-large\"><img decoding=\"async\" src=\"https:\/\/serwer2453284.home.pl\/autoinstalator\/wordpress2\/wp-content\/themes\/astra\/inc\/assets\/images\/starter-content\/portfolio.svg\" alt=\"\"\/><\/figure>\n\n\n\n<h3 class=\"wp-block-heading has-text-align-left has-ast-global-color-0-color has-text-color has-link-color wp-elements-9b17aaa783798ad3539fd64a51ef83fc\" style=\"margin-top:16px\">Produkcja<\/h3>\n\n\n\n<p class=\"has-text-align-left\">Dostarczymy dla Ciebie gotowe rozwi\u0105zanie kt\u00f3re b\u0119dziesz m\u00f3g\u0142 sprzeda\u0107 klientom.<\/p>\n<\/div>\n<\/div>\n\n\n\n<div style=\"height:20px\" aria-hidden=\"true\" class=\"wp-block-spacer\"><\/div>\n<\/div>\n\n\n\n<div class=\"wp-block-group alignfull has-background is-layout-constrained wp-container-core-group-is-layout-cfcca693 wp-block-group-is-layout-constrained\" id=\"contact\" style=\"background:linear-gradient(35deg,rgb(6,0,151) 0%,rgb(0,116,217) 64%,rgb(255,255,255) 98%);padding-top:104px;padding-bottom:104px\">\n<h2 class=\"wp-block-heading has-text-align-center has-text-color\" style=\"color:#ffffff\"><strong>POTRZEBUJESZ INNEGO WSPARCIA?<\/strong><\/h2>\n\n\n\n<div class=\"wp-block-buttons alignwide is-horizontal is-content-justification-center is-layout-flex wp-container-core-buttons-is-layout-bba8380a wp-block-buttons-is-layout-flex\" style=\"margin-top:50px\">\n<div class=\"wp-block-button\"><a class=\"wp-block-button__link has-ast-global-color-0-color has-text-color has-background has-link-color wp-element-button\" href=\"#oferta\" style=\"background:linear-gradient(135deg,rgb(132,190,244) 0%,rgb(132,190,244) 100%)\">Napisz nam o tym!<\/a><\/div>\n<\/div>\n<\/div>\n\n\n\n<div class=\"wp-block-group alignfull has-ast-global-color-5-background-color has-background is-layout-constrained wp-container-core-group-is-layout-9cedb757 wp-block-group-is-layout-constrained\" style=\"padding-bottom:0px\">\n<h2 class=\"wp-block-heading has-text-align-center\"><strong>Kompetencje i zaplecze<\/strong><\/h2>\n\n\n\n<hr class=\"wp-block-separator has-alpha-channel-opacity\"\/>\n\n\n\n<div style=\"height:20px\" aria-hidden=\"true\" class=\"wp-block-spacer\"><\/div>\n\n\n\n<p>Nasz zesp\u00f3\u0142 sk\u0142ada si\u0119 z ekspert\u00f3w pracuj\u0105cych nad systemami aktywnego bezpiecze\u0144stwa w pojazdach.<\/p>\n\n\n\n<p>Opracowywane przez nas rozwi\u0105zania je\u017cd\u017c\u0105 w autach takich marek jak Maserati, BMW, Alfa Romeo, Nissan, Iveco, Solaris.<\/p>\n\n\n\n<p>Pracujemy dla najlepszych i znamy si\u0119 na tym co robimy.<\/p>\n\n\n\n<h3 class=\"wp-block-heading\">Obszary<\/h3>\n\n\n\n<div class=\"wp-block-columns is-layout-flex wp-container-core-columns-is-layout-29aadeec wp-block-columns-is-layout-flex\" style=\"margin-top:60px\">\n<div class=\"wp-block-column is-layout-flow wp-container-core-column-is-layout-6b73ce23 wp-block-column-is-layout-flow\">\n<figure class=\"wp-block-image size-large\"><img decoding=\"async\" src=\"https:\/\/serwer2453284.home.pl\/autoinstalator\/wordpress2\/wp-content\/themes\/astra\/inc\/assets\/images\/starter-content\/passionate.svg\" alt=\"\"\/><\/figure>\n\n\n\n<h3 class=\"wp-block-heading\" style=\"margin-top:16px\">Systemy embedded<\/h3>\n\n\n\n<p>Projektujemy oraz programujemy urz\u0105dzenia kt\u00f3re steruj\u0105 Twoimi urz\u0105dzeniami oraz zbieraj\u0105 i przetwarzaj\u0105 dane.<br><\/p>\n<\/div>\n\n\n\n<div class=\"wp-block-column is-layout-flow wp-container-core-column-is-layout-6b73ce23 wp-block-column-is-layout-flow\">\n<figure class=\"wp-block-image size-large\"><img decoding=\"async\" src=\"https:\/\/serwer2453284.home.pl\/autoinstalator\/wordpress2\/wp-content\/themes\/astra\/inc\/assets\/images\/starter-content\/professional.svg\" alt=\"\"\/><\/figure>\n\n\n\n<h3 class=\"wp-block-heading\" style=\"margin-top:16px\">IOT<\/h3>\n\n\n\n<p>Komunikujemy urz\u0105dzenia ze sob\u0105 tak aby wymienia\u0142y si\u0119 informacjami i przynosi\u0142y dodatkowe korzy\u015bci<\/p>\n<\/div>\n\n\n\n<div class=\"wp-block-column is-layout-flow wp-container-core-column-is-layout-6b73ce23 wp-block-column-is-layout-flow\">\n<figure class=\"wp-block-image size-large\"><img decoding=\"async\" src=\"https:\/\/serwer2453284.home.pl\/autoinstalator\/wordpress2\/wp-content\/themes\/astra\/inc\/assets\/images\/starter-content\/support.svg\" alt=\"\"\/><\/figure>\n\n\n\n<h3 class=\"wp-block-heading\" style=\"margin-top:16px\">Cloud solutions<\/h3>\n\n\n\n<p>Przetwarzamy dane w chmurze umo\u017cliwiaj\u0105c tworzenie nowych modeli biznesowych oraz \u017ar\u00f3de\u0142 przychod\u00f3w.<\/p>\n<\/div>\n<\/div>\n\n\n\n<div style=\"height:20px\" aria-hidden=\"true\" class=\"wp-block-spacer\"><\/div>\n<\/div>\n\n\n\n<div class=\"wp-block-cover has-parallax\"><span aria-hidden=\"true\" class=\"wp-block-cover__background has-background-dim\" style=\"background-color:#807567\"><\/span><div class=\"wp-block-cover__image-background wp-image-177 has-parallax\" style=\"background-position:50% 50%;background-image:url(http:\/\/serwer2453284.home.pl\/autoinstalator\/wordpress2\/wp-content\/uploads\/2024\/09\/fototlo_light.jpg)\"><\/div><div class=\"wp-block-cover__inner-container is-layout-constrained wp-block-cover-is-layout-constrained\">\n<p class=\"has-text-align-center has-large-font-size\"><\/p>\n<\/div><\/div>\n\n\n\n<div class=\"wp-block-group alignfull has-ast-global-color-5-background-color has-background is-layout-constrained wp-container-core-group-is-layout-9cedb757 wp-block-group-is-layout-constrained\" style=\"padding-bottom:0px\">\n<h2 class=\"wp-block-heading has-text-align-center\">O firmie<\/h2>\n\n\n\n<hr class=\"wp-block-separator has-alpha-channel-opacity\"\/>\n\n\n\n<div style=\"height:20px\" aria-hidden=\"true\" class=\"wp-block-spacer\"><\/div>\n\n\n\n<p>Firma za\u0142o\u017cona przez <strong>do\u015bwiadczonych<\/strong> in\u017cynier\u00f3w, elektronik\u00f3w, programist\u00f3w i menad\u017cer\u00f3w, d\u0105\u017c\u0105ca do wprowadzenia biznes\u00f3w w XXI wiek poprzez automatyzacj\u0119 i informatyzacj\u0119.<\/p>\n\n\n\n<p>Wykorzystujemy technologie w celu ulepszania modeli biznesowych partner\u00f3w.<\/p>\n\n\n\n<div style=\"height:20px\" aria-hidden=\"true\" class=\"wp-block-spacer\"><\/div>\n<\/div>\n\n\n\n<div class=\"wp-block-group alignfull has-ast-global-color-4-background-color has-background is-layout-constrained wp-container-core-group-is-layout-6a2cfb7b wp-block-group-is-layout-constrained\" id=\"reviews\">\n<figure class=\"wp-block-image aligncenter size-large\"><img decoding=\"async\" src=\"https:\/\/serwer2453284.home.pl\/autoinstalator\/wordpress2\/wp-content\/uploads\/2024\/09\/foto-karol-2.png\" alt=\"\"\/><\/figure>\n\n\n\n<p class=\"has-text-align-center\" style=\"font-size:22px;line-height:1.6\">\u201cWsp\u00f3\u0142praca to fundament nowoczesnego biznesu. Wiedza i innowacje rodz\u0105 si\u0119 tam, gdzie ludzie dziel\u0105 si\u0119 pomys\u0142ami.\u201d<\/p>\n\n\n\n<p class=\"has-text-align-center\">&#8211; Karol Urbanek, Dyrektor w NextGenDev<\/p>\n<\/div>\n\n\n\n<div class=\"wp-block-group alignfull has-background is-layout-constrained wp-container-core-group-is-layout-cfcca693 wp-block-group-is-layout-constrained\" id=\"contact\" style=\"background:linear-gradient(35deg,rgb(6,0,151) 0%,rgb(0,116,217) 64%,rgb(255,255,255) 98%);padding-top:104px;padding-bottom:104px\">\n<h2 class=\"wp-block-heading has-text-align-center has-ast-global-color-5-color has-text-color has-link-color wp-elements-cfa4b151bc29ca0d14f9cd4cf616ae9e\"><strong>Zacznijmy wsp\u00f3\u0142prac\u0119<\/strong><\/h2>\n\n\n\n<div class=\"wp-block-buttons alignwide is-horizontal is-content-justification-center is-layout-flex wp-container-core-buttons-is-layout-bba8380a wp-block-buttons-is-layout-flex\" style=\"margin-top:50px\">\n<div class=\"wp-block-button\"><a class=\"wp-block-button__link has-ast-global-color-0-color has-text-color has-background has-link-color wp-element-button\" href=\"#oferta\" style=\"background:linear-gradient(135deg,rgb(132,190,244) 0%,rgb(132,190,244) 100%)\">Skontaktuj si\u0119 z nami<\/a><\/div>\n<\/div>\n<\/div>\n\n\n\n<div class=\"wp-block-group alignfull has-ast-global-color-5-background-color has-background is-layout-constrained wp-container-core-group-is-layout-94d206d0 wp-block-group-is-layout-constrained\" id=\"about\" style=\"padding-top:143px;padding-bottom:144px\">\n<h2 class=\"wp-block-heading has-text-align-center\"><strong>Projekty<\/strong><\/h2>\n\n\n\n<hr class=\"wp-block-separator has-alpha-channel-opacity\"\/>\n\n\n\n<div style=\"height:20px\" aria-hidden=\"true\" class=\"wp-block-spacer\"><\/div>\n\n\n\n<div class=\"wp-block-cmblocks-slider cmblocks-slider\" style=\"--cm-blocks-slider-navigation-color:var(--ast-global-color-8);--cm-blocks-slider-navigation-fontSize:24px;--cm-blocks-slider-navigation-opacity:1px;--cm-blocks-slider-pagination-active-color:#007aff;--cm-blocks-slider-pagination-inactive-color:#00000040;--cm-blocks-slider-pagination-size:12px;--cm-blocks-slider-prev-position-bottom:10px;--cm-blocks-slider-next-position-bottom:10px;--cm-blocks-slider-prev-position-left:10px;--cm-blocks-slider-next-position-right:10px;--cm-blocks-navigation-width:NaNpx;--cm-blocks-navigation-height:24pxpx;--cm-blocks-slider-swiper-padding:0px 0px 0px 0px\"><div class=\"swiper\" data-enable_autoplay=\"true\" data-enable_pagination=\"false\" data-enable_buttons=\"false\" data-slides_per_view=\"1\" data-space_between=\"20\" data-loop=\"true\" data-effect=\"slide\" data-allow_touch_move=\"true\" data-auto_height=\"true\" data-pagination-type=\"default\" data-autoplay_delay=\"2000\" data-slides_per_group=\"1\" data-speed=\"800\"><div class=\"swiper-wrapper\">\n<div class=\"swiper-slide\"><div class=\"cmblocks-slider__item is-layout-flow wp-block-cmblocks-slide-item-is-layout-flow\">\n<div class=\"wp-block-media-text has-media-on-the-right is-stacked-on-mobile is-vertically-aligned-center\"><div class=\"wp-block-media-text__content\">\n<div class=\"inherit-container-width wp-block-group is-layout-constrained wp-container-core-group-is-layout-47ce07ec wp-block-group-is-layout-constrained\" style=\"padding-right:80px\">\n<h2 class=\"wp-block-heading\" style=\"padding-right:40px\"><strong>Sterownik owijarki do bel<\/strong><\/h2>\n\n\n\n<ul class=\"wp-block-list\">\n<li>Automatyzacja maszyny<\/li>\n\n\n\n<li>Aplikacja na telefon<\/li>\n\n\n\n<li>Po\u0142\u0105czenie z chmur\u0105<\/li>\n<\/ul>\n<\/div>\n<\/div><figure class=\"wp-block-media-text__media\"><img loading=\"lazy\" decoding=\"async\" width=\"739\" height=\"540\" src=\"http:\/\/serwer2453284.home.pl\/autoinstalator\/wordpress2\/wp-content\/uploads\/2024\/09\/Owijarka_tractor.jpg\" alt=\"\" class=\"wp-image-184 size-full\" srcset=\"https:\/\/nextgendev.pl\/wp-content\/uploads\/2024\/09\/Owijarka_tractor.jpg 739w, https:\/\/nextgendev.pl\/wp-content\/uploads\/2024\/09\/Owijarka_tractor-300x219.jpg 300w\" sizes=\"auto, (max-width: 739px) 100vw, 739px\" \/><\/figure><\/div>\n<\/div><\/div>\n\n\n\n<div class=\"swiper-slide\"><div class=\"cmblocks-slider__item is-layout-flow wp-block-cmblocks-slide-item-is-layout-flow\">\n<div class=\"wp-block-media-text has-media-on-the-right is-stacked-on-mobile is-vertically-aligned-center\"><div class=\"wp-block-media-text__content\">\n<div class=\"inherit-container-width wp-block-group is-layout-constrained wp-container-core-group-is-layout-47ce07ec wp-block-group-is-layout-constrained\" style=\"padding-right:80px\">\n<h2 class=\"wp-block-heading\" style=\"padding-right:40px\"><strong>Sterownik do agregat\u00f3w <\/strong><\/h2>\n\n\n\n<ul class=\"wp-block-list\">\n<li>Zapisywanie parametr\u00f3w pracy<\/li>\n\n\n\n<li>Wymiana danych z chmur\u0105<\/li>\n\n\n\n<li>Aplikacja mobilna<\/li>\n<\/ul>\n<\/div>\n<\/div><figure class=\"wp-block-media-text__media\"><img loading=\"lazy\" decoding=\"async\" width=\"720\" height=\"720\" src=\"http:\/\/serwer2453284.home.pl\/autoinstalator\/wordpress2\/wp-content\/uploads\/2024\/09\/Agregat.jpg\" alt=\"\" class=\"wp-image-187 size-full\" srcset=\"https:\/\/nextgendev.pl\/wp-content\/uploads\/2024\/09\/Agregat.jpg 720w, https:\/\/nextgendev.pl\/wp-content\/uploads\/2024\/09\/Agregat-300x300.jpg 300w, https:\/\/nextgendev.pl\/wp-content\/uploads\/2024\/09\/Agregat-150x150.jpg 150w\" sizes=\"auto, (max-width: 720px) 100vw, 720px\" \/><\/figure><\/div>\n<\/div><\/div>\n<\/div><\/div><\/div>\n<\/div>\n\n\n\n<div class=\"wp-block-group alignfull is-layout-constrained wp-container-core-group-is-layout-3fee123f wp-block-group-is-layout-constrained\" id=\"napiszdonas\" style=\"padding-top:144px;padding-bottom:144px\">\n<h2 class=\"wp-block-heading has-text-align-center\">Napisz do nas<\/h2>\n\n\n\n<hr class=\"wp-block-separator has-alpha-channel-opacity\"\/>\n\n\n\n<div style=\"height:20px\" aria-hidden=\"true\" id=\"oferta\" class=\"wp-block-spacer\"><\/div>\n\n\n\n<div class=\"wp-block-leadin-hubspot-form-block\">\n\t\t\t\t\t\t<script>\n\t\t\t\t\t\t\twindow.hsFormsOnReady = window.hsFormsOnReady || [];\n\t\t\t\t\t\t\twindow.hsFormsOnReady.push(()=>{\n\t\t\t\t\t\t\t\thbspt.forms.create({\n\t\t\t\t\t\t\t\t\tportalId: 144940860,\n\t\t\t\t\t\t\t\t\tformId: \"e6da3edf-606a-4443-8b39-e909b92d501e\",\n\t\t\t\t\t\t\t\t\ttarget: \"#hbspt-form-1776500479000-2337166578\",\n\t\t\t\t\t\t\t\t\tregion: \"eu1\",\n\t\t\t\t\t\t\t\t\t\n\t\t\t\t\t\t\t})});\n\t\t\t\t\t\t<\/script>\n\t\t\t\t\t\t<div class=\"hbspt-form\" id=\"hbspt-form-1776500479000-2337166578\"><\/div><\/div>\n<\/div>\n\n\n\n<div class=\"wp-block-group alignfull has-background is-layout-constrained wp-container-core-group-is-layout-cfcca693 wp-block-group-is-layout-constrained\" id=\"contact\" style=\"background:linear-gradient(35deg,rgb(6,0,151) 0%,rgb(0,116,217) 64%,rgb(255,255,255) 98%);padding-top:104px;padding-bottom:104px\">\n<div class=\"wp-block-columns has-ast-global-color-5-color has-text-color has-link-color wp-elements-cdf6f5a94729a3cf556545d28ac20369 is-layout-flex wp-container-core-columns-is-layout-60cbf9bb wp-block-columns-is-layout-flex\" style=\"margin-top:50px\">\n<div class=\"wp-block-column is-layout-flow wp-container-core-column-is-layout-6b73ce23 wp-block-column-is-layout-flow\">\n<h3 class=\"wp-block-heading has-ast-global-color-5-color has-text-color has-link-color has-medium-font-size wp-elements-898d3abb06305ee09906a9999b5b38b4\" style=\"margin-top:16px\">Dane firmy<\/h3>\n\n\n\n<p class=\"has-small-font-size\"><strong>NextGenDev P.S.A.<br><\/strong>ul. G\u0142owackiego 28\/21, 20-060 Lublin<br>KRS: 0001128083<br>NIP: 7123481578<br>REGON: 52968604800000<br><br><\/p>\n<\/div>\n\n\n\n<div class=\"wp-block-column is-layout-flow wp-container-core-column-is-layout-6b73ce23 wp-block-column-is-layout-flow\">\n<h3 class=\"wp-block-heading has-ast-global-color-5-color has-text-color has-link-color has-medium-font-size wp-elements-2589056eabc751ed4ea7d3f285bba3e8\" style=\"margin-top:16px\">Kontakt<\/h3>\n\n\n\n<p class=\"has-small-font-size\">tel.: +48 506 631 301<br>mail: <a href=\"mailto:kontakt@nextgendev.pl\" target=\"_blank\" rel=\"noreferrer noopener\">kontakt@nextgendev.pl<\/a><br><a href=\"https:\/\/nextgendev.pl\/\" data-type=\"page\" data-id=\"9\">www.nextgendev.pl<\/a><\/p>\n<\/div>\n<\/div>\n<\/div>\n\n\n\n<p><\/p>\n","protected":false},"excerpt":{"rendered":"<p>Pomo\u017cemy Ci Chcesz oferowa\u0107 swoim klientom najnowsze rozwi\u0105zania i potrzebujesz wsparcia dzia\u0142u badawczego?Masz pomys\u0142 na now\u0105 funkcjonalno\u015b\u0107 produktu i chcesz [&hellip;]<\/p>\n","protected":false},"author":1,"featured_media":0,"parent":0,"menu_order":0,"comment_status":"closed","ping_status":"closed","template":"","meta":{"content-type":"","site-sidebar-layout":"no-sidebar","site-content-layout":"plain-container","ast-site-content-layout":"default","site-content-style":"default","site-sidebar-style":"default","ast-global-header-display":"disabled","ast-banner-title-visibility":"","ast-main-header-display":"","ast-hfb-above-header-display":"","ast-hfb-below-header-display":"","ast-hfb-mobile-header-display":"","site-post-title":"disabled","ast-breadcrumbs-content":"","ast-featured-img":"","footer-sml-layout":"","ast-disable-related-posts":"","theme-transparent-header-meta":"enabled","adv-header-id-meta":"","stick-header-meta":"","header-above-stick-meta":"","header-main-stick-meta":"","header-below-stick-meta":"","astra-migrate-meta-layouts":"default","ast-page-background-enabled":"default","ast-page-background-meta":{"desktop":{"background-color":"var(--ast-global-color-4)","background-image":"","background-repeat":"repeat","background-position":"center center","background-size":"auto","background-attachment":"scroll","background-type":"","background-media":"","overlay-type":"","overlay-color":"","overlay-opacity":"","overlay-gradient":""},"tablet":{"background-color":"","background-image":"","background-repeat":"repeat","background-position":"center center","background-size":"auto","background-attachment":"scroll","background-type":"","background-media":"","overlay-type":"","overlay-color":"","overlay-opacity":"","overlay-gradient":""},"mobile":{"background-color":"","background-image":"","background-repeat":"repeat","background-position":"center center","background-size":"auto","background-attachment":"scroll","background-type":"","background-media":"","overlay-type":"","overlay-color":"","overlay-opacity":"","overlay-gradient":""}},"ast-content-background-meta":{"desktop":{"background-color":"var(--ast-global-color-5)","background-image":"","background-repeat":"repeat","background-position":"center center","background-size":"auto","background-attachment":"scroll","background-type":"","background-media":"","overlay-type":"","overlay-color":"","overlay-opacity":"","overlay-gradient":""},"tablet":{"background-color":"var(--ast-global-color-5)","background-image":"","background-repeat":"repeat","background-position":"center center","background-size":"auto","background-attachment":"scroll","background-type":"","background-media":"","overlay-type":"","overlay-color":"","overlay-opacity":"","overlay-gradient":""},"mobile":{"background-color":"var(--ast-global-color-5)","background-image":"","background-repeat":"repeat","background-position":"center center","background-size":"auto","background-attachment":"scroll","background-type":"","background-media":"","overlay-type":"","overlay-color":"","overlay-opacity":"","overlay-gradient":""}},"footnotes":""},"class_list":["post-9","page","type-page","status-publish","hentry"],"_links":{"self":[{"href":"https:\/\/nextgendev.pl\/index.php\/wp-json\/wp\/v2\/pages\/9","targetHints":{"allow":["GET"]}}],"collection":[{"href":"https:\/\/nextgendev.pl\/index.php\/wp-json\/wp\/v2\/pages"}],"about":[{"href":"https:\/\/nextgendev.pl\/index.php\/wp-json\/wp\/v2\/types\/page"}],"author":[{"embeddable":true,"href":"https:\/\/nextgendev.pl\/index.php\/wp-json\/wp\/v2\/users\/1"}],"replies":[{"embeddable":true,"href":"https:\/\/nextgendev.pl\/index.php\/wp-json\/wp\/v2\/comments?post=9"}],"version-history":[{"count":140,"href":"https:\/\/nextgendev.pl\/index.php\/wp-json\/wp\/v2\/pages\/9\/revisions"}],"predecessor-version":[{"id":218,"href":"https:\/\/nextgendev.pl\/index.php\/wp-json\/wp\/v2\/pages\/9\/revisions\/218"}],"wp:attachment":[{"href":"https:\/\/nextgendev.pl\/index.php\/wp-json\/wp\/v2\/media?parent=9"}],"curies":[{"name":"wp","href":"https:\/\/api.w.org\/{rel}","templated":true}]}}